{"id":4826,"date":"2023-08-26T14:12:04","date_gmt":"2023-08-26T11:12:04","guid":{"rendered":"https:\/\/beytturkdevelopment.com\/basili-yayin\/"},"modified":"2024-08-10T02:47:27","modified_gmt":"2024-08-09T23:47:27","slug":"published-articles","status":"publish","type":"page","link":"https:\/\/beytturkdevelopment.com\/ar\/published-articles\/","title":{"rendered":"Bas\u0131l\u0131 Yay\u0131n"},"content":{"rendered":"<p>Bas\u0131l\u0131 Yay\u0131n<\/p>\n","protected":false},"excerpt":{"rendered":"<p>Bas\u0131l\u0131 Yay\u0131n<\/p>\n","protected":false},"author":1,"featured_media":0,"parent":0,"menu_order":0,"comment_status":"closed","ping_status":"closed","template":"","meta":{"footnotes":""},"class_list":["post-4826","page","type-page","status-publish","hentry"],"acf":[],"_links":{"self":[{"href":"https:\/\/beytturkdevelopment.com\/ar\/wp-json\/wp\/v2\/pages\/4826","targetHints":{"allow":["GET"]}}],"collection":[{"href":"https:\/\/beytturkdevelopment.com\/ar\/wp-json\/wp\/v2\/pages"}],"about":[{"href":"https:\/\/beytturkdevelopment.com\/ar\/wp-json\/wp\/v2\/types\/page"}],"author":[{"embeddable":true,"href":"https:\/\/beytturkdevelopment.com\/ar\/wp-json\/wp\/v2\/users\/1"}],"replies":[{"embeddable":true,"href":"https:\/\/beytturkdevelopment.com\/ar\/wp-json\/wp\/v2\/comments?post=4826"}],"version-history":[{"count":1,"href":"https:\/\/beytturkdevelopment.com\/ar\/wp-json\/wp\/v2\/pages\/4826\/revisions"}],"predecessor-version":[{"id":6482,"href":"https:\/\/beytturkdevelopment.com\/ar\/wp-json\/wp\/v2\/pages\/4826\/revisions\/6482"}],"wp:attachment":[{"href":"https:\/\/beytturkdevelopment.com\/ar\/wp-json\/wp\/v2\/media?parent=4826"}],"curies":[{"name":"wp","href":"https:\/\/api.w.org\/{rel}","templated":true}]}}