{"id":4828,"date":"2023-08-26T14:05:38","date_gmt":"2023-08-26T11:05:38","guid":{"rendered":"https:\/\/beytturkdevelopment.com\/bizi-taniyin\/"},"modified":"2024-08-10T02:49:16","modified_gmt":"2024-08-09T23:49:16","slug":"get-to-know-us","status":"publish","type":"page","link":"https:\/\/beytturkdevelopment.com\/ar\/get-to-know-us\/","title":{"rendered":"Bizi Tan\u0131y\u0131n"},"content":{"rendered":"<h2>K\u00f6klerimizden Bug\u00fcne<\/h2>\n<p><img loading=\"lazy\" decoding=\"async\" class=\"wp-image-2877 alignright\" style=\"float: right;\" role=\"img\" src=\"https:\/\/beytturkdevelopment.com\/wp-content\/uploads\/2023\/08\/Beutturk-holding-bg_black.svg\" alt=\"\" width=\"642\" height=\"232\" \/><\/p>\n<p>2013 y\u0131l\u0131nda kurulan Beytt\u00fcrk GYO, vizyonunu her daim y\u00fcksek tutarak, kaliteli ya\u015fam alanlar\u0131 olu\u015fturma ilkesiyle binlerce konut in\u015fa etti. Her bir projemizde m\u00fc\u015fteri memnuniyetini ve kaliteyi merkeze alarak, y\u0131llar i\u00e7erisinde pek \u00e7ok ailenin ya\u015fam alanlar\u0131n\u0131 in\u015fa etmenin gururunu ya\u015f\u0131yoruz. T\u00fcrkiye&#8217;nin en h\u0131zla b\u00fcy\u00fcyen gayrimenkul firmalar\u0131ndan biri olan Beytt\u00fcrk GYO, Beytt\u00fcrk Holdingin g\u00fc\u00e7l\u00fc i\u015ftiraklerindendir.<\/p>\n<h2>Beytt\u00fcrk Holdingin Kurumsal Sinerjisi<\/h2>\n<p><span style=\"font-weight: 400;\">Beytt\u00fcrk GYO, Beytt\u00fcrk Holding b\u00fcnyesinde faaliyet g\u00f6steren prestijli bir i\u015ftirakidir. Holding, sekt\u00f6rdeki derin bilgisi, s\u00fcrd\u00fcr\u00fclebilir b\u00fcy\u00fcme stratejileri ve m\u00fckemmeliyet\u00e7i yakla\u015f\u0131m\u0131 ile gayrimenkul alan\u0131nda \u00f6ne \u00e7\u0131kan bir konuma sahiptir. Beytt\u00fcrk GYO&#8217;nun temel de\u011ferleri ve operasyonel ba\u015far\u0131s\u0131, b\u00fcy\u00fck \u00f6l\u00e7\u00fcde Holdingin kurumsal vizyonu ve stratejik y\u00f6nlendirmesiyle \u015fekillenmektedir.<\/span><\/p>\n<p><span style=\"font-weight: 400;\">Beytt\u00fcrk Holding&#8217;in sa\u011flam finansal yap\u0131s\u0131, Beytt\u00fcrk GYO&#8217;ya sadece maddi kaynaklar de\u011fil, ayn\u0131 zamanda stratejik planlama, risk y\u00f6netimi ve kurumsal y\u00f6neti\u015fim gibi konularda da de\u011ferli i\u00e7g\u00f6r\u00fcler ve destek sunmaktad\u0131r. Bu kurumsal sinerji, Beytt\u00fcrk GYO&#8217;nun sekt\u00f6rdeki rekabet\u00e7i konumunu g\u00fc\u00e7lendirmekte ve s\u00fcrd\u00fcr\u00fclebilir b\u00fcy\u00fcme f\u0131rsatlar\u0131na kap\u0131 aralamaktad\u0131r.<\/span><\/p>\n<p>&nbsp;<\/p>\n<h2>Projelerimizin Odakland\u0131\u011f\u0131 B\u00f6lgeler ve Gelece\u011fe Dair Yol Haritam\u0131z<\/h2>\n<p><i><span style=\"font-weight: 400;\">Yalova:<\/span><\/i><span style=\"font-weight: 400;\"> Beytt\u00fcrk GYO olarak, Yalova&#8217;da do\u011fan\u0131n ve denizin kucakla\u015ft\u0131\u011f\u0131, ye\u015filin maviyle bulu\u015ftu\u011fu e\u015fsiz lokasyonlarda, sakinli\u011fi ve huzuru modern ya\u015famla bulu\u015fturacak projelere imza att\u0131k. Bu projelerimizle Yalova&#8217;n\u0131n sadece bir tatil beldesi olmaktan \u00e7\u0131k\u0131p, d\u00f6rt mevsim ya\u015fanabilir, konforlu ve kaliteli ya\u015fam alanlar\u0131na sahip bir kent olmas\u0131n\u0131 hedefliyoruz.<\/span><\/p>\n<p><i><span style=\"font-weight: 400;\">Bursa:<\/span><\/i><span style=\"font-weight: 400;\"> Tarihin ve modern ya\u015fam\u0131n bir arada oldu\u011fu Bursa&#8217;da, \u015fehrin dinamiklerine uygun, s\u00fcrd\u00fcr\u00fclebilir ve \u00e7evre dostu projelerle varl\u0131\u011f\u0131m\u0131z\u0131 s\u00fcrd\u00fcr\u00fcyoruz. Bursa&#8217;n\u0131n tarihine ve k\u00fclt\u00fcr\u00fcne uygun, ayn\u0131 zamanda modern ya\u015fam\u0131n t\u00fcm olanaklar\u0131na sahip konut ve ya\u015fam alanlar\u0131 olu\u015fturarak \u015fehrin geli\u015fimine katk\u0131da bulunuyoruz.<\/span><\/p>\n<p><i><span style=\"font-weight: 400;\">\u0130stanbul:<\/span><\/i><span style=\"font-weight: 400;\"> T\u00fcrkiye&#8217;nin en b\u00fcy\u00fck metropol\u00fc olan \u0130stanbul&#8217;da da faaliyet g\u00f6stermeye ba\u015flama karar\u0131 ald\u0131k. \u015eehrin stratejik b\u00f6lgelerinde, \u0130stanbul&#8217;un tarihine, k\u00fclt\u00fcr\u00fcne ve dinamik ya\u015fam ritmine uygun projeleri hayata ge\u00e7irme planlamas\u0131nda bulunuyoruz. \u0130stanbul&#8217;un h\u0131zla de\u011fi\u015fen ve geli\u015fen yap\u0131s\u0131nda, Beytt\u00fcrk GYO kalitesi ve vizyonuyla \u00f6nemli bir oyuncu olmay\u0131 hedefliyoruz.<\/span><\/p>\n<p><span style=\"font-weight: 400;\">Bu b\u00f6lgelerin yan\u0131 s\u0131ra, T\u00fcrkiye&#8217;nin d\u00f6rt bir yan\u0131nda ve uluslararas\u0131 arenada yeni f\u0131rsatlar\u0131 de\u011ferlendiriyor, sekt\u00f6rdeki bilgi birikimimizi ve deneyimimizi kullanarak projeler geli\u015ftiriyoruz.<\/span><\/p>\n<p>&nbsp;<\/p>\n<h2>Gelece\u011fe Stratejik Yat\u0131r\u0131m: Halka Arz<\/h2>\n<p><span style=\"font-weight: 400;\">Beytt\u00fcrk GYO, 2024 y\u0131l\u0131n\u0131n ilk \u00e7eyre\u011finde sermaye piyasalar\u0131ndaki yerini alarak halka arz s\u00fcrecini hayata ge\u00e7irmeyi planlamaktad\u0131r. Bu stratejik karar, \u015firketimizin kurumsal b\u00fcy\u00fcme yolculu\u011fundaki d\u00f6n\u00fcm noktalar\u0131ndan biridir.<\/span><\/p>\n<p><span style=\"font-weight: 400;\">Halka arz\u0131n ger\u00e7ekle\u015ftirilmesi, \u015firketimizin sermaye yap\u0131land\u0131rmas\u0131n\u0131 optimize etmeyi, likiditeye eri\u015fimini art\u0131rmay\u0131 ve mali esnekli\u011fini g\u00fc\u00e7lendirmeyi ama\u00e7lamaktad\u0131r. Ayn\u0131 zamanda, Beytt\u00fcrk GYO&#8217;nun ulusal ve uluslararas\u0131 arenada tan\u0131n\u0131rl\u0131\u011f\u0131n\u0131 ve prestijini art\u0131racak, b\u00f6ylece daha geni\u015f bir yat\u0131r\u0131mc\u0131 ve payda\u015f kitlesine eri\u015fim imk\u00e2n\u0131 sa\u011flayacakt\u0131r.<\/span><\/p>\n<p><span style=\"font-weight: 400;\">Bu s\u00fcre\u00e7te, Beytt\u00fcrk GYO&#8217;nun, sermaye piyasalar\u0131n\u0131n kat\u0131 kurumsal y\u00f6netim ve \u015feffafl\u0131k ilkelerine s\u0131k\u0131 s\u0131k\u0131ya ba\u011fl\u0131 kalaca\u011f\u0131n\u0131 taahh\u00fct ediyoruz. Bu taahh\u00fct, t\u00fcm payda\u015flar\u0131m\u0131z\u0131n \u00e7\u0131karlar\u0131n\u0131 korumay\u0131 ve \u015firketimizin de\u011ferini maksimize etmeyi hedefleyen bir yakla\u015f\u0131md\u0131r.<\/span><\/p>\n<p>&nbsp;<\/p>\n<h2>Uluslararas\u0131 Projelerde Yeni Ad\u0131mlar: Beytt\u00fcrk GYO&#8217;nun Global Vizyonu<\/h2>\n<p><span style=\"font-weight: 400;\">Beytt\u00fcrk GYO, ulusal s\u0131n\u0131rlar\u0131m\u0131z\u0131n \u00f6tesine ge\u00e7me hedefiyle, global arenada planlad\u0131\u011f\u0131 projelerle sekt\u00f6rdeki yenilik\u00e7ili\u011fini ve liderli\u011fini s\u00fcrd\u00fcrmeye haz\u0131rlan\u0131yor. Bu yeni projeler, k\u00fclt\u00fcrler aras\u0131 k\u00f6pr\u00fcler kurmay\u0131, global standartlarda ya\u015fam alanlar\u0131 olu\u015fturmay\u0131 ama\u00e7l\u0131yor.<\/span><\/p>\n<p><i><span style=\"font-weight: 400;\">Budape\u015fte:<\/span><\/i><span style=\"font-weight: 400;\"> Tarihi dokusu ve e\u015fsiz do\u011fas\u0131yla Budape\u015fte&#8217;de planlad\u0131\u011f\u0131m\u0131z projelerle, \u015fehrin karakteristik \u00f6zelliklerini yans\u0131tan, modern ve fonksiyonel ya\u015fam alanlar\u0131 tasarl\u0131yoruz.<\/span><\/p>\n<p><i><span style=\"font-weight: 400;\">K\u0131br\u0131s:<\/span><\/i><span style=\"font-weight: 400;\"> Akdeniz&#8217;in bu s\u0131cak k\u0131y\u0131s\u0131nda, denizin mavisiyle harmoni i\u00e7inde olacak projelerimizle, adan\u0131n do\u011fal g\u00fczelliklerini koruyarak l\u00fcks ve konforlu ya\u015fam alanlar\u0131 olu\u015fturmay\u0131 hedefliyoruz.<\/span><\/p>\n<p><i><span style=\"font-weight: 400;\">Montenegro:<\/span><\/i><span style=\"font-weight: 400;\"> Adriyatik k\u0131y\u0131s\u0131nda, deniz manzaral\u0131 ve do\u011fa ile i\u00e7 i\u00e7e projeler tasarlayarak Montenegro&#8217;nun turistik potansiyelini en \u00fcst seviyede de\u011ferlendirmeyi planl\u0131yoruz.<\/span><\/p>\n<p><i><span style=\"font-weight: 400;\">Malta:<\/span><\/i><span style=\"font-weight: 400;\"> Tarihin ve modern ya\u015fam\u0131n bir araya geldi\u011fi bu adada, panoramik manzaralar\u0131 kucaklayan projelerle Malta&#8217;n\u0131n e\u015fsiz g\u00fczelliklerini vurgulamay\u0131 ama\u00e7l\u0131yoruz.<\/span><\/p>\n<p><span style=\"font-weight: 400;\">Beytt\u00fcrk GYO olarak, uluslararas\u0131 projelerimizle, d\u00fcnyan\u0131n d\u00f6rt bir yan\u0131nda T\u00fcrkiye&#8217;nin in\u015faat vizyonunu ve kalitesini temsil etmeyi hedefliyoruz. Bu planlad\u0131\u011f\u0131m\u0131z projeler, global \u00f6l\u00e7ekte yeni bir ba\u015far\u0131 hikayesi yazma azmimizi ve heyecan\u0131m\u0131z\u0131 yans\u0131t\u0131yor. Vizyonumuz do\u011frultusunda, uluslararas\u0131 arenada gayrimenkul sekt\u00f6r\u00fcnde yenilik\u00e7i ve s\u00fcrd\u00fcr\u00fclebilir projelerle \u00f6ne \u00e7\u0131kmay\u0131 planl\u0131yoruz.<\/span><\/p>\n<p>&nbsp;<\/p>\n<h2>Vizyonumuz<\/h2>\n<p><span style=\"font-weight: 400;\">Beytt\u00fcrk GYO olarak, gayrimenkul sekt\u00f6r\u00fcndeki derin tecr\u00fcbemizi, yenilik\u00e7i yakla\u015f\u0131m\u0131m\u0131zla birle\u015ftirerek sadece yap\u0131lar in\u015fa etmekten \u00f6te, ya\u015famlar\u0131 d\u00f6n\u00fc\u015ft\u00fcren, toplumun ve \u00e7evrenin ihtiya\u00e7lar\u0131na duyarl\u0131 projelerle d\u00fcnya standartlar\u0131nda ya\u015fam alanlar\u0131 olu\u015fturmay\u0131 hedefliyoruz.<\/span><\/p>\n<p><span style=\"font-weight: 400;\">S\u00fcrd\u00fcr\u00fclebilirlik ilkelerini temel alarak, do\u011fal kaynaklar\u0131 koruyan, enerji verimlili\u011fi y\u00fcksek, \u00e7evre dostu projelerle ulusal arenada liderli\u011fimizi peki\u015ftirirken, uluslararas\u0131 arenada da gayrimenkul sekt\u00f6r\u00fcn\u00fcn prestijli oyuncular\u0131 aras\u0131nda yer almay\u0131 vizyonumuzun bir par\u00e7as\u0131 olarak g\u00f6r\u00fcyoruz. Bu ba\u011flamda, Budape\u015fte, K\u0131br\u0131s, Montenegro ve Malta gibi stratejik b\u00f6lgelerde ger\u00e7ekle\u015ftirece\u011fimiz projelerle global pazarda da iz b\u0131rakmay\u0131 planl\u0131yoruz.<\/span><\/p>\n<p><span style=\"font-weight: 400;\">M\u00fc\u015fteri memnuniyetini her zaman \u00f6n planda tutarken, payda\u015flar\u0131m\u0131zla \u015feffaf, etik ve s\u00fcrd\u00fcr\u00fclebilir bir i\u015f ili\u015fkisi kurma hedefindeyiz. Beytt\u00fcrk GYO&#8217;nun sadece kaliteli yap\u0131lar de\u011fil, ayn\u0131 zamanda g\u00fcvenilir ve kal\u0131c\u0131 ili\u015fkiler in\u015fa etti\u011fi bir marka olmas\u0131 vizyonumuzun temel ta\u015flar\u0131ndand\u0131r.<\/span><\/p>\n<p><span style=\"font-weight: 400;\">Toplumsal sorumluluk bilinciyle, sosyal ve ekonomik kalk\u0131nmaya katk\u0131da bulunan projelerle, hem ulusal hem de uluslararas\u0131 alanda gayrimenkul sekt\u00f6r\u00fcn\u00fcn en sayg\u0131n ve lider oyuncular\u0131ndan biri olma vizyonumuzu kararl\u0131l\u0131kla s\u00fcrd\u00fcr\u00fcyoruz.<\/span><\/p>\n","protected":false},"excerpt":{"rendered":"<p>K\u00f6klerimizden Bug\u00fcne 2013 y\u0131l\u0131nda kurulan Beytt\u00fcrk GYO, vizyonunu her daim y\u00fcksek tutarak, kaliteli ya\u015fam alanlar\u0131 olu\u015fturma ilkesiyle binlerce konut in\u015fa etti. Her bir projemizde m\u00fc\u015fteri memnuniyetini ve kaliteyi merkeze alarak, y\u0131llar i\u00e7erisinde pek \u00e7ok ailenin ya\u015fam alanlar\u0131n\u0131 in\u015fa etmenin gururunu ya\u015f\u0131yoruz. T\u00fcrkiye&#8217;nin en h\u0131zla b\u00fcy\u00fcyen gayrimenkul firmalar\u0131ndan biri olan Beytt\u00fcrk GYO, Beytt\u00fcrk Holdingin g\u00fc\u00e7l\u00fc i\u015ftiraklerindendir.<\/p>\n","protected":false},"author":1,"featured_media":0,"parent":0,"menu_order":0,"comment_status":"closed","ping_status":"closed","template":"","meta":{"footnotes":""},"class_list":["post-4828","page","type-page","status-publish","hentry"],"acf":[],"_links":{"self":[{"href":"https:\/\/beytturkdevelopment.com\/ar\/wp-json\/wp\/v2\/pages\/4828","targetHints":{"allow":["GET"]}}],"collection":[{"href":"https:\/\/beytturkdevelopment.com\/ar\/wp-json\/wp\/v2\/pages"}],"about":[{"href":"https:\/\/beytturkdevelopment.com\/ar\/wp-json\/wp\/v2\/types\/page"}],"author":[{"embeddable":true,"href":"https:\/\/beytturkdevelopment.com\/ar\/wp-json\/wp\/v2\/users\/1"}],"replies":[{"embeddable":true,"href":"https:\/\/beytturkdevelopment.com\/ar\/wp-json\/wp\/v2\/comments?post=4828"}],"version-history":[{"count":1,"href":"https:\/\/beytturkdevelopment.com\/ar\/wp-json\/wp\/v2\/pages\/4828\/revisions"}],"predecessor-version":[{"id":6484,"href":"https:\/\/beytturkdevelopment.com\/ar\/wp-json\/wp\/v2\/pages\/4828\/revisions\/6484"}],"wp:attachment":[{"href":"https:\/\/beytturkdevelopment.com\/ar\/wp-json\/wp\/v2\/media?parent=4828"}],"curies":[{"name":"wp","href":"https:\/\/api.w.org\/{rel}","templated":true}]}}