{"id":4844,"date":"2023-08-26T14:09:36","date_gmt":"2023-08-26T11:09:36","guid":{"rendered":"https:\/\/beytturkdevelopment.com\/satisi-tamamlanan-projeler\/"},"modified":"2023-11-10T13:40:28","modified_gmt":"2023-11-10T10:40:28","slug":"satisi-tamamlanan-projeler","status":"publish","type":"page","link":"https:\/\/beytturkdevelopment.com\/ar\/satisi-tamamlanan-projeler\/","title":{"rendered":"Sat\u0131\u015f\u0131 Tamamlanan Projeler"},"content":{"rendered":"<p>Sat\u0131\u015f\u0131 Tamamlanan Projeler<\/p>\n","protected":false},"excerpt":{"rendered":"<p>Sat\u0131\u015f\u0131 Tamamlanan Projeler<\/p>\n","protected":false},"author":1,"featured_media":0,"parent":0,"menu_order":0,"comment_status":"closed","ping_status":"closed","template":"page-projects.php","meta":{"footnotes":""},"class_list":["post-4844","page","type-page","status-publish","hentry"],"acf":[],"_links":{"self":[{"href":"https:\/\/beytturkdevelopment.com\/ar\/wp-json\/wp\/v2\/pages\/4844","targetHints":{"allow":["GET"]}}],"collection":[{"href":"https:\/\/beytturkdevelopment.com\/ar\/wp-json\/wp\/v2\/pages"}],"about":[{"href":"https:\/\/beytturkdevelopment.com\/ar\/wp-json\/wp\/v2\/types\/page"}],"author":[{"embeddable":true,"href":"https:\/\/beytturkdevelopment.com\/ar\/wp-json\/wp\/v2\/users\/1"}],"replies":[{"embeddable":true,"href":"https:\/\/beytturkdevelopment.com\/ar\/wp-json\/wp\/v2\/comments?post=4844"}],"version-history":[{"count":1,"href":"https:\/\/beytturkdevelopment.com\/ar\/wp-json\/wp\/v2\/pages\/4844\/revisions"}],"predecessor-version":[{"id":5549,"href":"https:\/\/beytturkdevelopment.com\/ar\/wp-json\/wp\/v2\/pages\/4844\/revisions\/5549"}],"wp:attachment":[{"href":"https:\/\/beytturkdevelopment.com\/ar\/wp-json\/wp\/v2\/media?parent=4844"}],"curies":[{"name":"wp","href":"https:\/\/api.w.org\/{rel}","templated":true}]}}