{"id":4846,"date":"2023-08-26T14:09:04","date_gmt":"2023-08-26T11:09:04","guid":{"rendered":"https:\/\/beytturkdevelopment.com\/satistaki-projeler\/"},"modified":"2024-08-10T02:56:06","modified_gmt":"2024-08-09T23:56:06","slug":"projects-for-sale","status":"publish","type":"page","link":"https:\/\/beytturkdevelopment.com\/ar\/projects-for-sale\/","title":{"rendered":"Sat\u0131\u015ftaki Projeler"},"content":{"rendered":"<p>Sat\u0131\u015ftaki Projeler<\/p>\n","protected":false},"excerpt":{"rendered":"<p>Sat\u0131\u015ftaki Projeler<\/p>\n","protected":false},"author":1,"featured_media":0,"parent":0,"menu_order":0,"comment_status":"closed","ping_status":"closed","template":"page-projects.php","meta":{"footnotes":""},"class_list":["post-4846","page","type-page","status-publish","hentry"],"acf":[],"_links":{"self":[{"href":"https:\/\/beytturkdevelopment.com\/ar\/wp-json\/wp\/v2\/pages\/4846","targetHints":{"allow":["GET"]}}],"collection":[{"href":"https:\/\/beytturkdevelopment.com\/ar\/wp-json\/wp\/v2\/pages"}],"about":[{"href":"https:\/\/beytturkdevelopment.com\/ar\/wp-json\/wp\/v2\/types\/page"}],"author":[{"embeddable":true,"href":"https:\/\/beytturkdevelopment.com\/ar\/wp-json\/wp\/v2\/users\/1"}],"replies":[{"embeddable":true,"href":"https:\/\/beytturkdevelopment.com\/ar\/wp-json\/wp\/v2\/comments?post=4846"}],"version-history":[{"count":1,"href":"https:\/\/beytturkdevelopment.com\/ar\/wp-json\/wp\/v2\/pages\/4846\/revisions"}],"predecessor-version":[{"id":5544,"href":"https:\/\/beytturkdevelopment.com\/ar\/wp-json\/wp\/v2\/pages\/4846\/revisions\/5544"}],"wp:attachment":[{"href":"https:\/\/beytturkdevelopment.com\/ar\/wp-json\/wp\/v2\/media?parent=4846"}],"curies":[{"name":"wp","href":"https:\/\/api.w.org\/{rel}","templated":true}]}}