{"id":4848,"date":"2023-08-26T14:06:38","date_gmt":"2023-08-26T11:06:38","guid":{"rendered":"https:\/\/beytturkdevelopment.com\/sosyal-sorumluluk\/"},"modified":"2024-08-10T02:48:16","modified_gmt":"2024-08-09T23:48:16","slug":"social-responsibility","status":"publish","type":"page","link":"https:\/\/beytturkdevelopment.com\/ar\/social-responsibility\/","title":{"rendered":"Sosyal Sorumluluk"},"content":{"rendered":"<p>Beytt\u00fcrk GYO olarak, sadece ekonomik ba\u015far\u0131m\u0131zla de\u011fil, ayn\u0131 zamanda topluma ve \u00e7evreye olan pozitif katk\u0131lar\u0131m\u0131zla da de\u011fer yaratmay\u0131 hedefliyoruz. Bu bilin\u00e7le, sosyal sorumluluk projelerini i\u015f stratejimizin ayr\u0131lmaz bir par\u00e7as\u0131 olarak g\u00f6r\u00fcyoruz.<\/p>\n<p><strong>E\u011fitime Destek:<\/strong> Gelece\u011fin in\u015fas\u0131nda e\u011fitimin kritik bir role sahip oldu\u011funa inan\u0131yoruz. Bu nedenle e\u011fitim projelerini destekliyor, okullar\u0131n yeniden in\u015fas\u0131na ve e\u011fitim materyallerinin sa\u011flanmas\u0131na katk\u0131da bulunuyoruz.<\/p>\n<p><strong>\u00c7evresel S\u00fcrd\u00fcr\u00fclebilirlik:<\/strong> Projelerimizi planlarken, \u00e7evresel s\u00fcrd\u00fcr\u00fclebilirlik ilkelerini benimsiyoruz. Ye\u015fil bina uygulamalar\u0131, enerji verimlili\u011fi ve su tasarrufu gibi konulara \u00f6zel \u00f6nem veriyoruz.<\/p>\n<p><strong>Sa\u011fl\u0131k ve Spor:<\/strong> Toplumun sa\u011fl\u0131kl\u0131 ya\u015fam bi\u00e7imlerini benimsemesi i\u00e7in \u00e7e\u015fitli sa\u011fl\u0131k ve spor projelerine destek oluyoruz. \u00d6zellikle gen\u00e7lerin sporla tan\u0131\u015fmas\u0131n\u0131 ve aktif bir ya\u015fam s\u00fcrd\u00fcrmesini te\u015fvik ediyoruz.<\/p>\n<p><strong>K\u00fclt\u00fcrel Miras:<\/strong> Yerel k\u00fclt\u00fcr\u00fcn ve tarihin korunmas\u0131n\u0131 destekliyor, k\u00fclt\u00fcrel mirasa katk\u0131da bulunacak projelerde yer al\u0131yoruz.<\/p>\n<p><strong>Toplum Kalk\u0131nmas\u0131:<\/strong> B\u00f6lgesel kalk\u0131nma projeleriyle, toplumun sosyo-ekonomik durumunun geli\u015ftirilmesine katk\u0131da bulunuyoruz. Bu ba\u011flamda, yerel istihdam\u0131 destekliyor ve toplumsal kalk\u0131nma i\u00e7in gerekli kaynaklar\u0131 sa\u011fl\u0131yoruz.<\/p>\n<p>Beytt\u00fcrk GYO olarak, sosyal sorumluluk projelerini stratejik bir yakla\u015f\u0131mla ele al\u0131yor ve bu projelerin, sadece bug\u00fcn\u00fcn de\u011fil, yar\u0131n\u0131n da toplumuna de\u011fer katt\u0131\u011f\u0131na inan\u0131yoruz. Toplumun refah\u0131n\u0131n, \u015firketlerin sosyal sorumluluk bilinciyle do\u011frudan ilgili oldu\u011funu biliyor ve bu bilin\u00e7le hareket ediyoruz.<\/p>\n","protected":false},"excerpt":{"rendered":"<p>Beytt\u00fcrk GYO olarak, sadece ekonomik ba\u015far\u0131m\u0131zla de\u011fil, ayn\u0131 zamanda topluma ve \u00e7evreye olan pozitif katk\u0131lar\u0131m\u0131zla da de\u011fer yaratmay\u0131 hedefliyoruz. Bu bilin\u00e7le, sosyal sorumluluk projelerini i\u015f stratejimizin ayr\u0131lmaz bir par\u00e7as\u0131 olarak g\u00f6r\u00fcyoruz. E\u011fitime Destek: Gelece\u011fin in\u015fas\u0131nda e\u011fitimin kritik bir role sahip oldu\u011funa inan\u0131yoruz. Bu nedenle e\u011fitim projelerini destekliyor, okullar\u0131n yeniden in\u015fas\u0131na ve e\u011fitim materyallerinin sa\u011flanmas\u0131na katk\u0131da<\/p>\n","protected":false},"author":1,"featured_media":0,"parent":0,"menu_order":0,"comment_status":"closed","ping_status":"closed","template":"","meta":{"footnotes":""},"class_list":["post-4848","page","type-page","status-publish","hentry"],"acf":[],"_links":{"self":[{"href":"https:\/\/beytturkdevelopment.com\/ar\/wp-json\/wp\/v2\/pages\/4848","targetHints":{"allow":["GET"]}}],"collection":[{"href":"https:\/\/beytturkdevelopment.com\/ar\/wp-json\/wp\/v2\/pages"}],"about":[{"href":"https:\/\/beytturkdevelopment.com\/ar\/wp-json\/wp\/v2\/types\/page"}],"author":[{"embeddable":true,"href":"https:\/\/beytturkdevelopment.com\/ar\/wp-json\/wp\/v2\/users\/1"}],"replies":[{"embeddable":true,"href":"https:\/\/beytturkdevelopment.com\/ar\/wp-json\/wp\/v2\/comments?post=4848"}],"version-history":[{"count":1,"href":"https:\/\/beytturkdevelopment.com\/ar\/wp-json\/wp\/v2\/pages\/4848\/revisions"}],"predecessor-version":[{"id":6483,"href":"https:\/\/beytturkdevelopment.com\/ar\/wp-json\/wp\/v2\/pages\/4848\/revisions\/6483"}],"wp:attachment":[{"href":"https:\/\/beytturkdevelopment.com\/ar\/wp-json\/wp\/v2\/media?parent=4848"}],"curies":[{"name":"wp","href":"https:\/\/api.w.org\/{rel}","templated":true}]}}